{"id":735,"date":"2014-10-16T10:54:41","date_gmt":"2014-10-16T10:54:41","guid":{"rendered":"http:\/\/quanticalabs.com\/wp_themes3\/fable\/?page_id=735"},"modified":"2024-12-16T10:34:15","modified_gmt":"2024-12-16T10:34:15","slug":"menthal-aritmeticss-2","status":"publish","type":"page","link":"https:\/\/geniuskiditaly.com\/it\/menthal-aritmeticss-2\/","title":{"rendered":"Aritmetica Mentale"},"content":{"rendered":"<div id=\"pb_line_8A4BDC37900894A818EADBF117CD7B67\"  class=\"pb-line pb-clear-fix\" style=\"background-repeat:no-repeat;\"><ul class=\"pb-layout pb-layout-100 pb-reset-list pb-clear-fix pb-main\"><li class=\"pb-layout-column-left\"> <div class=\"pb-space-line\"><\/div><div><h3 class=\"pb-header\"><span class=\"pb-header-content\"><p style=\"text-align:center;\">Cos'\u00e8 l'aritmetica mentale? <\/span><\/h3><div class=\"pb-text\"><p style=\"text-align:justify;\"\n\n<p>Oltre a fornire la capacit\u00e0 di migliorare le abilit\u00e0 matematiche del bambino, il programma extracurriculare di aritmetica mentale ha un impatto positivo sullo sviluppo del pensiero e incoraggia una serie di abilit\u00e0 e competenze di cui un bambino ha bisogno nella vita. Migliora il modo in cui il bambino ascolta, elabora e comprende le informazioni, concepisce e crea determinate idee, riconosce i dettagli, esegue determinate azioni e risolve i problemi. Gli studenti della Kid Genius School stanno sviluppando in particolare le seguenti abilit\u00e0 e competenze:<\/p>\n<\/div><\/div><\/li><\/ul><\/div><div class=\"pb-script-tag\"><script type=\"text\/javascript\">jQuery(document).ready(function($){$(\"#pb_line_8A4BDC37900894A818EADBF117CD7B67\").PBLayout({\"bg_parallax_speed\":\"30\",\"bg_parallax_enable\":\"0\",\"bg_parallax_mobile_enable\":\"0\"},0);});<\/script><\/div><div id=\"pb_line_D56F7FC281876B88B7BF006095A831E0\"  class=\"pb-line pb-clear-fix\" style=\"background-repeat:no-repeat;\"><ul class=\"pb-layout pb-layout-100 pb-reset-list pb-clear-fix pb-main\"><li class=\"pb-layout-column-left\"> <div class=\"pb-space-line\"><\/div><div><div class=\"pb-space-line\"><\/div><div class=\"pb-space pb-clear-fix\" style=\"height:60px;\"><\/div><\/div><\/li><\/ul><\/div><div class=\"pb-script-tag\"><script type=\"text\/javascript\">jQuery(document).ready(function($){$(\"#pb_line_D56F7FC281876B88B7BF006095A831E0\").PBLayout({\"bg_parallax_speed\":\"30\",\"bg_parallax_enable\":\"0\",\"bg_parallax_mobile_enable\":\"0\"},0);});<\/script><\/div><div id=\"pb_line_554B2E009A58C98A04B25C8B0A32A8BF\"  class=\"pb-line pb-clear-fix\" style=\"background-repeat:no-repeat;\"><ul class=\"pb-layout pb-layout-100 pb-reset-list pb-clear-fix pb-main\"><li class=\"pb-layout-column-left\"> <div class=\"pb-space-line\"><\/div><div><div class=\"pb-space-line\"><\/div><div class=\"pb-space pb-clear-fix\" style=\"height:30px;\"><\/div><h3 class=\"pb-header\"><span class=\"pb-header-content\"><p style=\"text-align: center;\">Programma<\/span><\/h3><div class=\"pb-text\"><p style=\"text-align: justify;\"><span style=\"font-weight: 400;\">Genius Kid \u00e8 un programma pluriennale, in cui, durante il primo anno, gli studenti impareranno addizioni e sottrazioni con numeri a pi\u00f9 cifre per calcolare mentalmente e il secondo anno del programma \u00e8 dedicato ad acquisire il dominio su moltiplicazione e divisione operazioni.<\/span><span style=\"font-weight: 400;\"> Attivit\u00e0 extracurricolare<\/span><span style=\"font-weight: 400;\"> Il programma extracurriculare di aritmetica mentale ha un impatto positivo sullo sviluppo del pensiero e incoraggia una serie di abilit\u00e0 e competenze di cui un bambino ha bisogno nella vita. Migliora il modo in cui il bambino ascolta, elabora e comprende le informazioni, concepisce e crea determinate idee, riconosce i dettagli, esegue determinate azioni e risolve i problemi.<\/span><\/p>\n<\/div><div class=\"pb-space-line\"><\/div><div class=\"pb-space pb-clear-fix\" style=\"height:30px;\"><\/div><h3 class=\"pb-header\"><span class=\"pb-header-content\"><p style=\"text-align: center;\">Fasi del programma<\/span><\/h3><div class=\"pb-text\"><p><p style=\"text-align: justify;\"><span style=\"font-weight: 400;\">Il programma \u00e8 destinato <\/span><b>a bambini dai 4 ai 12 anni<\/b><span style=\"font-weight: 400;\">perch\u00e9 \u00e8 il periodo in cui il cervello umano si sviluppa pi\u00f9 dinamicamente<\/span><span style=\"font-weight: 400;\"> e durante la quale si verificher\u00e0 il maggior numero <\/span><b>di connessioni neuronali (sinapsi).<\/b><span style=\"font-weight: 400;\"> neuronali (sinapsi). Dopo questo periodo, le opportunit\u00e0 di sviluppo sono notevolmente inferiori ed \u00e8 estremamente importante non lasciare che questa opportunit\u00e0 unica nella vita del bambino vada via. <\/span><b>Consenti a tuo figlio di massimizzare il suo potenziale intellettuale e di diventare la sua versione migliore. Gli studenti della Kid Genius School stanno sviluppando in particolare le seguenti abilit\u00e0 e competenze:<\/b><\/p>\n<p style=\"text-align: justify;\">\n<\/div><div class=\"pb-space-line\"><\/div><div class=\"pb-space pb-clear-fix\" style=\"height:30px;\"><\/div><\/div><\/li><\/ul><\/div><div class=\"pb-script-tag\"><script type=\"text\/javascript\">jQuery(document).ready(function($){$(\"#pb_line_554B2E009A58C98A04B25C8B0A32A8BF\").PBLayout({\"bg_parallax_speed\":\"30\",\"bg_parallax_enable\":\"0\",\"bg_parallax_mobile_enable\":\"0\"},0);});<\/script><\/div><div id=\"pb_line_674F008859623CE59B6A78A299C8EB99\"  class=\"pb-line pb-clear-fix theme-section-padding-top theme-section-padding-bottom\" style=\"background-color:#F5F5F5;background-repeat:no-repeat;\"><ul class=\"pb-layout pb-layout-50x50 pb-reset-list pb-clear-fix pb-main\"><li class=\"pb-layout-column-left\"> <div class=\"pb-space-line\"><\/div><div><div class=\"pb-feature pb-clear-fix pb-feature-icon-size-medium pb-feature-icon-position-right pb-feature-icon-type-gr\" id=\"pb_feature_CF666A6C7BFCCA0F1F7B2AE4643ED86D\"><ul class=\"pb-layout-100 pb-reset-list pb-clear-fix\"><li class=\"pb-layout-column-left pb-feature-element-even\"><div><div class=\"pb-feature-icon pb-feature-icon-67F2751EBA32DFE703BFE79C564A5FD5\" style=\"background-color:#FFFFFF;\"><\/div><h5 class=\"pb-feature-header\"><br>Calcolo veloce<\/h5><\/div><\/li><li class=\"pb-layout-column-left pb-feature-element-odd\"><div><div class=\"pb-feature-icon pb-feature-icon-E141EBCF2D042E431F12BB5E5D9D686F\" style=\"background-color:#FFFFFF;border-style:solid;\"><\/div><h5 class=\"pb-feature-header\">Concentrazione e attenzione eccezionali<\/h5><\/div><\/li><li class=\"pb-layout-column-left pb-feature-element-even\"><div><div class=\"pb-feature-icon pb-feature-icon-3D457D02F17DEECF19606BA40ED24E14\" style=\"background-color:#FFFFFF;\"><\/div><h5 class=\"pb-feature-header\">Ottima memoria e riflessi sviluppati<\/h5><\/div><\/li><li class=\"pb-layout-column-left pb-feature-element-odd\"><div><div class=\"pb-feature-icon pb-feature-icon-0CDD8891ABB145883AD0556E49033648\" style=\"background-color:#FFFFFF;border-style:solid;\"><\/div><h5 class=\"pb-feature-header\"><br>Memoria fotografica<\/h5><\/div><\/li><\/ul><div class=\"pb-slider-pagination\"><\/div><\/div><div class=\"pb-script-tag\"><script type=\"text\/javascript\">jQuery(document).ready(function($) {$(\"#pb_feature_CF666A6C7BFCCA0F1F7B2AE4643ED86D\").PBFeature({\"carousel\":{\"carousel_enable\":0,\"carousel_autoplay_enable\":0,\"carousel_circular_enable\":1,\"carousel_infinite_enable\":1,\"carousel_scroll_pause_hover\":1,\"carousel_scroll_fx\":\"scroll\",\"carousel_scroll_easing\":\"easeInQuad\",\"carousel_scroll_duration\":\"500\"},\"waypoint\":{\"waypoint_type\":\"none\",\"waypoint_easing\":\"swing\",\"waypoint_duration\":\"500\",\"waypoint_offset_trigger\":\"90%\",\"waypoint_opacity_initial\":\"0\"}});});<\/script><\/div><div class=\"pb-feature pb-clear-fix pb-feature-icon-size-medium pb-feature-icon-position-right pb-feature-icon-type-gr\" id=\"pb_feature_F134BDCA5F598225CF4D3466B5429CEC\"><ul class=\"pb-layout-100 pb-reset-list pb-clear-fix\"><li class=\"pb-layout-column-left pb-feature-element-even\"><div><div class=\"pb-feature-icon pb-feature-icon-67F2751EBA32DFE703BFE79C564A5FD5\" style=\"background-color:#FFFFFF;\"><\/div><h5 class=\"pb-feature-header\"><br>Aumento dell'intelligenza<\/h5><\/div><\/li><li class=\"pb-layout-column-left pb-feature-element-odd\"><div><div class=\"pb-feature-icon pb-feature-icon-E141EBCF2D042E431F12BB5E5D9D686F\" style=\"background-color:#FFFFFF;border-style:solid;\"><\/div><h5 class=\"pb-feature-header\">Creativit\u00e0, immaginazione e capacit\u00e0 di visualizzazione<\/h5><\/div><\/li><li class=\"pb-layout-column-left pb-feature-element-even\"><div><div class=\"pb-feature-icon pb-feature-icon-3D457D02F17DEECF19606BA40ED24E14\" style=\"background-color:#FFFFFF;\"><\/div><h5 class=\"pb-feature-header\">Sviluppa i sensi della vista, dell'udito e del contatto<\/h5><\/div><\/li><\/ul><div class=\"pb-slider-pagination\"><\/div><\/div><div class=\"pb-script-tag\"><script type=\"text\/javascript\">jQuery(document).ready(function($) {$(\"#pb_feature_F134BDCA5F598225CF4D3466B5429CEC\").PBFeature({\"carousel\":{\"carousel_enable\":0,\"carousel_autoplay_enable\":0,\"carousel_circular_enable\":1,\"carousel_infinite_enable\":1,\"carousel_scroll_pause_hover\":1,\"carousel_scroll_fx\":\"scroll\",\"carousel_scroll_easing\":\"easeInQuad\",\"carousel_scroll_duration\":\"500\"},\"waypoint\":{\"waypoint_type\":\"none\",\"waypoint_easing\":\"swing\",\"waypoint_duration\":\"500\",\"waypoint_offset_trigger\":\"90%\",\"waypoint_opacity_initial\":\"0\"}});});<\/script><\/div><div class=\"pb-space-line\"><\/div><div class=\"pb-space pb-clear-fix\" style=\"margin-top:-45px;\"><\/div><\/div><\/li><li class=\"pb-layout-column-right\"> <div class=\"pb-space-line\"><\/div><div><div class=\"pb-text\"><p><img decoding=\"async\" src=\"https:\/\/geniuskiditaly.com\/wp-content\/uploads\/2022\/06\/a525.jpg\" alt=\"\" \/><\/p>\n<\/div><div class=\"pb-space-line\"><\/div><div class=\"pb-space pb-clear-fix\" style=\"margin-top:-20px;\"><\/div><\/div><\/li><\/ul><\/div><div class=\"pb-script-tag\"><script type=\"text\/javascript\">jQuery(document).ready(function($){$(\"#pb_line_674F008859623CE59B6A78A299C8EB99\").PBLayout({\"bg_parallax_speed\":\"30\",\"bg_parallax_enable\":\"0\",\"bg_parallax_mobile_enable\":\"0\"},0);});<\/script><\/div><div id=\"pb_line_893884AC30393F768C5F09271F2C13F5\"  class=\"pb-line pb-clear-fix theme-section-padding-top theme-section-padding-bottom\" style=\"background-color:#00416D;background-position:center center;background-repeat:no-repeat;\"><ul class=\"pb-layout pb-layout-50x50 pb-reset-list pb-clear-fix pb-main\"><li class=\"pb-layout-column-left\"> <div class=\"pb-space-line\"><\/div><div><h5 class=\"pb-header theme-section-white\"><span class=\"pb-header-content\">Domande e risposte<\/span><\/h5><div class=\"pb-accordion pb-clear-fix theme-section-white\" id=\"pb_accordion_268C5FB3CD7B0ED718508E08177CB774\"><h6><a href=\"#\">Gruppi Genius Kid<span><\/span><\/a><\/h6><div class=\"pb-clear-fix\"><p>Lezioni di gruppo, minimo 10, massimo 16 partecipanti<\/p>\n<\/div><h6><a href=\"#\">Report dei risultati individuali<span><\/span><\/a><\/h6><div class=\"pb-clear-fix\"><p>Un report trimestrale sui risultati individuali di ogni studente verr\u00e0 inviato ai genitori<\/p>\n<\/div><h6><a href=\"#\">Contenuto delle lezioni<span><\/span><\/a><\/h6><div class=\"pb-clear-fix\"><p>Il calcolo mediante l\u2019utilizzo dell\u2019abaco, l\u2019aritmetica mentale e i giochi di logica<\/p>\n<\/div><h6><a href=\"#\">Opportunit\u00e0 dopo le lezioni<span><\/span><\/a><\/h6><div class=\"pb-clear-fix\"><p>Piattaforma online per giochi e compiti<br \/>\nPreparazione per le Mental Arithmetic\u2019s Olympic Games<\/p>\n<\/div><\/div><div class=\"pb-script-tag\"><script type=\"text\/javascript\">jQuery(document).ready(function($){$(\"#pb_accordion_268C5FB3CD7B0ED718508E08177CB774\").PBAccordion({\"active\":0,\"disabled\":0,\"collapsible\":0,\"height_style\":\"content\",\"close_at_start\":0,\"animation_enable\":\"1\",\"animation_duration\":\"400\",\"animation_easing\":\"easeOutExpo\",\"header_important_default\":\"6\"});});<\/script><\/div><\/div><\/li><li class=\"pb-layout-column-right\"> <div class=\"pb-space-line\"><\/div><div><h5 class=\"pb-header theme-section-white\"><span class=\"pb-header-content\">Syllabus annuale<\/span><\/h5><div class=\"pb-clear-fix pb-counter-list theme-section-white\" id=\"pb_counter_list_6A97E59769BB7EC0E7E1249CE0E0F89A\"><ul class=\"pb-reset-list\"><li class=\"pb-value-80\"><span class=\"pb-counter-list-label\">Programma intensivo<\/span><span class=\"pb-counter-list-value\"><span class=\"pb-counter-list-value-value\">80<\/span><span class=\"pb-counter-list-value-character-after\"> ore<\/span><\/span><span class=\"pb-counter-list-foreground\"><\/span><span class=\"pb-counter-list-background\"><\/span><\/li><li class=\"pb-value-35\"><span class=\"pb-counter-list-label\">Programma standard<\/span><span class=\"pb-counter-list-value\"><span class=\"pb-counter-list-value-value\">35<\/span><span class=\"pb-counter-list-value-character-after\"> ore<\/span><\/span><span class=\"pb-counter-list-foreground\"><\/span><span class=\"pb-counter-list-background\"><\/span><\/li><li class=\"pb-value-100\"><span class=\"pb-counter-list-label\">Programma individuale<\/span><span class=\"pb-counter-list-value\"><span class=\"pb-counter-list-value-value\">100<\/span><span class=\"pb-counter-list-value-character-after\"> ore<\/span><\/span><span class=\"pb-counter-list-foreground\"><\/span><span class=\"pb-counter-list-background\"><\/span><\/li><\/ul><\/div><div class=\"pb-script-tag\"><script type=\"text\/javascript\">jQuery(document).ready(function($) {$(\"#pb_counter_list_6A97E59769BB7EC0E7E1249CE0E0F89A\").PBCounterList({\"waypoint_enable\":\"1\",\"waypoint_duration\":\"5000\",\"waypoint_easing\":\"easeInOutQuint\",\"waypoint_offset_trigger\":\"90%\",\"character_before\":null,\"character_after\":\" Hours\"});});<\/script><\/div><\/div><\/li><\/ul><\/div><div class=\"pb-script-tag\"><script type=\"text\/javascript\">jQuery(document).ready(function($){$(\"#pb_line_893884AC30393F768C5F09271F2C13F5\").PBLayout({\"bg_parallax_speed\":\"100\",\"bg_parallax_enable\":\"0\",\"bg_parallax_mobile_enable\":\"0\"},0);});<\/script><\/div><div id=\"pb_line_9A4FF53B54423FF03DA3B6A0FBA9902A\"  class=\"pb-line pb-clear-fix\" style=\"background-repeat:no-repeat;\"><ul class=\"pb-layout pb-layout-100 pb-reset-list pb-clear-fix pb-main\"><li class=\"pb-layout-column-left\"> <div class=\"pb-space-line\"><\/div><div><\/div><\/li><\/ul><\/div><div class=\"pb-script-tag\"><script type=\"text\/javascript\">jQuery(document).ready(function($){$(\"#pb_line_9A4FF53B54423FF03DA3B6A0FBA9902A\").PBLayout({\"bg_parallax_speed\":\"30\",\"bg_parallax_enable\":\"0\",\"bg_parallax_mobile_enable\":\"0\"},0);});<\/script><\/div><div id=\"pb_line_74E06EA4BAC8EAFC8D4E50928684B529\"  class=\"pb-line pb-clear-fix\" style=\"background-repeat:no-repeat;\"><ul class=\"pb-layout pb-layout-100 pb-reset-list pb-clear-fix pb-main\"><li class=\"pb-layout-column-left\"> <div class=\"pb-space-line\"><\/div><div><div class=\"pb-space-line\"><\/div><div class=\"pb-space pb-clear-fix\" style=\"margin-top:-80px;\"><\/div><\/div><\/li><\/ul><\/div><div class=\"pb-script-tag\"><script type=\"text\/javascript\">jQuery(document).ready(function($){$(\"#pb_line_74E06EA4BAC8EAFC8D4E50928684B529\").PBLayout({\"bg_parallax_speed\":\"30\",\"bg_parallax_enable\":\"0\",\"bg_parallax_mobile_enable\":\"0\"},0);});<\/script><\/div>","protected":false},"excerpt":{"rendered":"","protected":false},"author":1,"featured_media":0,"parent":0,"menu_order":0,"comment_status":"open","ping_status":"open","template":"main.php","meta":{"footnotes":""},"class_list":["post-735","page","type-page","status-publish","hentry"],"yoast_head":"<!-- This site is optimized with the Yoast SEO plugin v27.4 - https:\/\/yoast.com\/product\/yoast-seo-wordpress\/ -->\n<title>Mental Arithmetics - geniuskiditaly.com<\/title>\n<meta name=\"robots\" content=\"index, follow, max-snippet:-1, max-image-preview:large, max-video-preview:-1\" \/>\n<link rel=\"canonical\" href=\"https:\/\/geniuskiditaly.com\/it\/menthal-aritmeticss-2\/\" \/>\n<meta property=\"og:locale\" content=\"it_IT\" \/>\n<meta property=\"og:type\" content=\"article\" \/>\n<meta property=\"og:title\" content=\"Mental Arithmetics - geniuskiditaly.com\" \/>\n<meta property=\"og:url\" content=\"https:\/\/geniuskiditaly.com\/it\/menthal-aritmeticss-2\/\" \/>\n<meta property=\"og:site_name\" content=\"geniuskiditaly.com\" \/>\n<meta property=\"article:modified_time\" content=\"2024-12-16T10:34:15+00:00\" \/>\n<meta name=\"twitter:card\" content=\"summary_large_image\" \/>\n<script type=\"application\/ld+json\" class=\"yoast-schema-graph\">{\"@context\":\"https:\\\/\\\/schema.org\",\"@graph\":[{\"@type\":\"WebPage\",\"@id\":\"https:\\\/\\\/geniuskiditaly.com\\\/menthal-aritmeticss-2\\\/\",\"url\":\"https:\\\/\\\/geniuskiditaly.com\\\/menthal-aritmeticss-2\\\/\",\"name\":\"Mental Arithmetics - geniuskiditaly.com\",\"isPartOf\":{\"@id\":\"https:\\\/\\\/geniuskiditaly.com\\\/#website\"},\"datePublished\":\"2014-10-16T10:54:41+00:00\",\"dateModified\":\"2024-12-16T10:34:15+00:00\",\"breadcrumb\":{\"@id\":\"https:\\\/\\\/geniuskiditaly.com\\\/menthal-aritmeticss-2\\\/#breadcrumb\"},\"inLanguage\":\"it-IT\",\"potentialAction\":[{\"@type\":\"ReadAction\",\"target\":[\"https:\\\/\\\/geniuskiditaly.com\\\/menthal-aritmeticss-2\\\/\"]}]},{\"@type\":\"BreadcrumbList\",\"@id\":\"https:\\\/\\\/geniuskiditaly.com\\\/menthal-aritmeticss-2\\\/#breadcrumb\",\"itemListElement\":[{\"@type\":\"ListItem\",\"position\":1,\"name\":\"Home\",\"item\":\"https:\\\/\\\/geniuskiditaly.com\\\/\"},{\"@type\":\"ListItem\",\"position\":2,\"name\":\"Mental Arithmetics\"}]},{\"@type\":\"WebSite\",\"@id\":\"https:\\\/\\\/geniuskiditaly.com\\\/#website\",\"url\":\"https:\\\/\\\/geniuskiditaly.com\\\/\",\"name\":\"geniuskiditaly.com\",\"description\":\"Genius Kids Italy\",\"potentialAction\":[{\"@type\":\"SearchAction\",\"target\":{\"@type\":\"EntryPoint\",\"urlTemplate\":\"https:\\\/\\\/geniuskiditaly.com\\\/?s={search_term_string}\"},\"query-input\":{\"@type\":\"PropertyValueSpecification\",\"valueRequired\":true,\"valueName\":\"search_term_string\"}}],\"inLanguage\":\"it-IT\"}]}<\/script>\n<!-- \/ Yoast SEO plugin. -->","yoast_head_json":{"title":"Mental Arithmetics - geniuskiditaly.com","robots":{"index":"index","follow":"follow","max-snippet":"max-snippet:-1","max-image-preview":"max-image-preview:large","max-video-preview":"max-video-preview:-1"},"canonical":"https:\/\/geniuskiditaly.com\/it\/menthal-aritmeticss-2\/","og_locale":"it_IT","og_type":"article","og_title":"Mental Arithmetics - geniuskiditaly.com","og_url":"https:\/\/geniuskiditaly.com\/it\/menthal-aritmeticss-2\/","og_site_name":"geniuskiditaly.com","article_modified_time":"2024-12-16T10:34:15+00:00","twitter_card":"summary_large_image","schema":{"@context":"https:\/\/schema.org","@graph":[{"@type":"WebPage","@id":"https:\/\/geniuskiditaly.com\/menthal-aritmeticss-2\/","url":"https:\/\/geniuskiditaly.com\/menthal-aritmeticss-2\/","name":"Mental Arithmetics - geniuskiditaly.com","isPartOf":{"@id":"https:\/\/geniuskiditaly.com\/#website"},"datePublished":"2014-10-16T10:54:41+00:00","dateModified":"2024-12-16T10:34:15+00:00","breadcrumb":{"@id":"https:\/\/geniuskiditaly.com\/menthal-aritmeticss-2\/#breadcrumb"},"inLanguage":"it-IT","potentialAction":[{"@type":"ReadAction","target":["https:\/\/geniuskiditaly.com\/menthal-aritmeticss-2\/"]}]},{"@type":"BreadcrumbList","@id":"https:\/\/geniuskiditaly.com\/menthal-aritmeticss-2\/#breadcrumb","itemListElement":[{"@type":"ListItem","position":1,"name":"Home","item":"https:\/\/geniuskiditaly.com\/"},{"@type":"ListItem","position":2,"name":"Mental Arithmetics"}]},{"@type":"WebSite","@id":"https:\/\/geniuskiditaly.com\/#website","url":"https:\/\/geniuskiditaly.com\/","name":"geniuskiditaly.com","description":"Genius Kids Italy","potentialAction":[{"@type":"SearchAction","target":{"@type":"EntryPoint","urlTemplate":"https:\/\/geniuskiditaly.com\/?s={search_term_string}"},"query-input":{"@type":"PropertyValueSpecification","valueRequired":true,"valueName":"search_term_string"}}],"inLanguage":"it-IT"}]}},"_links":{"self":[{"href":"https:\/\/geniuskiditaly.com\/it\/wp-json\/wp\/v2\/pages\/735","targetHints":{"allow":["GET"]}}],"collection":[{"href":"https:\/\/geniuskiditaly.com\/it\/wp-json\/wp\/v2\/pages"}],"about":[{"href":"https:\/\/geniuskiditaly.com\/it\/wp-json\/wp\/v2\/types\/page"}],"author":[{"embeddable":true,"href":"https:\/\/geniuskiditaly.com\/it\/wp-json\/wp\/v2\/users\/1"}],"replies":[{"embeddable":true,"href":"https:\/\/geniuskiditaly.com\/it\/wp-json\/wp\/v2\/comments?post=735"}],"version-history":[{"count":6,"href":"https:\/\/geniuskiditaly.com\/it\/wp-json\/wp\/v2\/pages\/735\/revisions"}],"predecessor-version":[{"id":1881,"href":"https:\/\/geniuskiditaly.com\/it\/wp-json\/wp\/v2\/pages\/735\/revisions\/1881"}],"wp:attachment":[{"href":"https:\/\/geniuskiditaly.com\/it\/wp-json\/wp\/v2\/media?parent=735"}],"curies":[{"name":"wp","href":"https:\/\/api.w.org\/{rel}","templated":true}]}}