{"id":350,"date":"2014-09-30T06:45:18","date_gmt":"2014-09-30T06:45:18","guid":{"rendered":"http:\/\/quanticalabs.com\/wp_themes3\/fable\/?page_id=350"},"modified":"2024-11-29T19:49:19","modified_gmt":"2024-11-29T19:49:19","slug":"about-us-ii","status":"publish","type":"page","link":"https:\/\/geniuskiditaly.com\/it\/about-us-ii\/","title":{"rendered":"Chi Siamo"},"content":{"rendered":"<div id=\"pb_line_53BABFC0B5A7B7EB92380087B7F4B1B4\"  class=\"pb-line pb-clear-fix\" style=\"background-repeat:no-repeat;\"><ul class=\"pb-layout pb-layout-100 pb-reset-list pb-clear-fix pb-main\"><li class=\"pb-layout-column-left\"> <div class=\"pb-space-line\"><\/div><div><div class=\"pb-space-line\"><\/div><div class=\"pb-space pb-clear-fix\" style=\"margin-top:-120px;\"><\/div><\/div><\/li><\/ul><\/div><div class=\"pb-script-tag\"><script type=\"text\/javascript\">jQuery(document).ready(function($){$(\"#pb_line_53BABFC0B5A7B7EB92380087B7F4B1B4\").PBLayout({\"bg_parallax_speed\":\"30\",\"bg_parallax_enable\":\"0\",\"bg_parallax_mobile_enable\":\"0\"},0);});<\/script><\/div><div id=\"pb_line_EBC3E345762949BE57FECEAB483FA48F\"  class=\"pb-line pb-clear-fix theme-section-padding-top theme-section-padding-bottom aligncenter\" style=\"background-repeat:no-repeat;\"><ul class=\"pb-layout pb-layout-50x50 pb-reset-list pb-clear-fix pb-main\"><li class=\"pb-layout-column-left\"> <div class=\"pb-space-line\"><\/div><div><div class=\"pb-gallery pb-clear-fix\" id=\"pb_gallery_89827FC38BC21E1AEF9E156E3A14195E\"><ul class=\"pb-layout-100 pb-reset-list pb-clear-fix\"><li class=\"pb-layout-column-left\"><div class=\"pb-image-box pb-image-preloader pb-image-preloader-animation-enable pb-image-hover pb-image-hover-type-fade pb-image-type-image\"><a href=\"https:\/\/geniuskiditaly.com\/wp-content\/uploads\/2022\/06\/MalacGenijalac-1200.jpg\" class=\"pb-image\" data-fancybox-group=\"pb_gallery_89827FC38BC21E1AEF9E156E3A14195E\"><img decoding=\"async\" src=\"https:\/\/geniuskiditaly.com\/wp-content\/uploads\/2022\/06\/MalacGenijalac-1200-690x506.jpg\" alt=\"\"\/><span><span><span><\/span><\/span><\/span><\/a><\/div><\/li><\/ul><\/div><div class=\"pb-script-tag\"><script type=\"text\/javascript\">jQuery(document).ready(function($){$('#pb_gallery_89827FC38BC21E1AEF9E156E3A14195E').PBGallery({\"hover_type\":\"fade\",\"hover_enable\":\"1\",\"preloader_enable\":\"1\",\"layout_full_width_enable\":\"0\"});});<\/script><\/div><\/div><\/li><li class=\"pb-layout-column-right\"> <div class=\"pb-space-line\"><\/div><div><h3 class=\"pb-header\" style=\"line-height:1.2;\"><span class=\"pb-header-content\">Attivit\u00e0 extracurricolare<b>coinvolge ogni bambino.<\/b><\/span><\/h3><div class=\"pb-divider pb-clear-fix aligncenter aligncenter\" style=\"width:50px;border-bottom-width:2px;border-style:solid;border-color:#FE6500;margin-top:40px;margin-bottom:40px;\"><\/div><div class=\"pb-text\"><p align=\"justify\">Genius Kid \u00e8 un'attivit\u00e0 extracurriculare educativa internazionale destinata al sano sviluppo del cervello dei bambini. Gli obiettivi di Genius Kid sono incoraggiare e sviluppare le capacit\u00e0 intellettuali dei bambini sin dalla tenera et\u00e0.\u00a0<br \/> La metodologia di Genius kid \u00e8 il risultato di molti anni di lavoro di psicologi, pedagoghi e altri esperti nel campo dell'educazione; implica consentire ai bambini di affrontare i problemi da una prospettiva sia creativa che analitica, attraverso un allenamento cerebrale completamente stimolato che sviluppa la connessione tra l'emisfero sinistro del cervello con il suo pensiero logico e le sue capacit\u00e0 matematiche, e l'emisfero destro, responsabile dell'immaginazione, della creativit\u00e0 e della fantasia.<br \/>  Questo approccio contribuisce ad acquisire migliori abilit\u00e0 matematiche, concentrazione e attenzione eccezionali, eccellente memoria fotografica e capacit\u00e0 di visualizzazione. \u00c8 anche dimostrato dagli scienziati dell'Universit\u00e0 di Manchester che il programma aumenta il QI dei bambini.<\/p>\n<\/div><\/div><\/li><\/ul><\/div><div class=\"pb-script-tag\"><script type=\"text\/javascript\">jQuery(document).ready(function($){$(\"#pb_line_EBC3E345762949BE57FECEAB483FA48F\").PBLayout({\"bg_parallax_speed\":\"30\",\"bg_parallax_enable\":\"0\",\"bg_parallax_mobile_enable\":\"0\"},0);});<\/script><\/div><div id=\"pb_line_A7D99CAFEA2160F6062AA20F77FC1E99\"  class=\"pb-line pb-clear-fix\" style=\"background-repeat:no-repeat;\"><ul class=\"pb-layout pb-layout-100 pb-reset-list pb-clear-fix\"><li class=\"pb-layout-column-left\"> <div class=\"pb-space-line\"><\/div><div><h3 class=\"pb-header\" style=\"background-color:#F5F5F5;\"><span class=\"pb-header-content\"><p align=\"center\"><strong>Perch\u00e9 scegliere noi?<\/strong><\/span><\/h3><div class=\"pb-space-line\"><\/div><div class=\"pb-space pb-clear-fix\" style=\"margin-top:-35px;\"><\/div><\/div><\/li><\/ul><\/div><div class=\"pb-script-tag\"><script type=\"text\/javascript\">jQuery(document).ready(function($){$(\"#pb_line_A7D99CAFEA2160F6062AA20F77FC1E99\").PBLayout({\"bg_parallax_speed\":\"30\",\"bg_parallax_enable\":\"0\",\"bg_parallax_mobile_enable\":\"0\"},0);});<\/script><\/div><div id=\"pb_line_51F85DB43750E10D75AB7A063AA3C317\"  class=\"pb-line pb-clear-fix theme-section-padding-top theme-section-padding-bottom\" style=\"background-color:#00416D;background-position:center center;background-repeat:repeat-y;\"><ul class=\"pb-layout pb-layout-100 pb-reset-list pb-clear-fix pb-main\"><li class=\"pb-layout-column-left\"> <div class=\"pb-space-line\"><\/div><div><div class=\"pb-space-line\"><\/div><div class=\"pb-space pb-clear-fix\" style=\"height:45px;\"><\/div><div class=\"pb-feature pb-clear-fix pb-feature-icon-size-medium pb-feature-icon-position-left pb-feature-icon-type-gr theme-section-white\" id=\"pb_feature_8A11DCBC968290BB6AE515B912EA7F9C\"><ul class=\"pb-layout-33x33x33 pb-reset-list pb-clear-fix\"><li class=\"pb-layout-column-left pb-feature-element-even\"><div><div class=\"pb-feature-icon pb-feature-icon-F072A7ECBE9F65935918B83E1910B81D\"><\/div><h5 class=\"pb-feature-header\">Genius KId<\/h5><div class=\"pb-feature-content\"><p style=\"text-align: justify;\">Genius Kid \u00e8 l'unica scuola in Europa che implementa il programma originale giapponese di Aritmetica Mentale - HIKARI \u5149. Il programma ha un metodo unico ed efficace che proviene dal Giappone, la culla dell'aritmetica mentale.<\/p>\n<\/div><\/div><\/li><li class=\"pb-layout-column-center pb-feature-element-odd\"><div><div class=\"pb-feature-icon pb-feature-icon-D3EACDE932A87C45AF83D43FE198A28B\"><\/div><h5 class=\"pb-feature-header\">Metodo unico<\/h5><div class=\"pb-feature-content\"><p style=\"text-align: justify;\">Grazie a un metodo unico, i nostri studenti ottengono risultati eccezionali in breve tempo. Dopo solo pochi mesi di insegnamento, sono in grado di contare mentalmente.<\/p>\n<\/div><\/div><\/li><li class=\"pb-layout-column-right pb-feature-element-even\"><div><div class=\"pb-feature-icon pb-feature-icon-CAE5094DC8446EA3E774C057F28BEE1A\"><\/div><h5 class=\"pb-feature-header\">Soroban Giapponese<\/h5><div class=\"pb-feature-content\"><p style=\"text-align: justify;\">Durante il nostro programma, gli studenti usano l'originale abaco giapponese Soroban, un abaco realizzato secondo gli standard giapponesi, esclusivamente con materiali naturali (faggio e bamb\u00f9).<\/p>\n<\/div><\/div><\/li><li class=\"pb-layout-column-left pb-feature-element-odd\"><div><div class=\"pb-feature-icon pb-feature-icon-7BA97D81DB7612FA5167C84901A2F443\"><\/div><h5 class=\"pb-feature-header\">Massimo <br>potenziale<\/h5><div class=\"pb-feature-content\"><p style=\"text-align: justify;\">Oltre alle lezioni base, il nostro obiettivo per ogni bambino \u00e8 quello di raggiungere il suo massimo potenziale, quindi offriamo ai nostri bambini attivit\u00e0 aggiuntive attraverso la nostra applicazione web. L'uso di moderne applicazioni web di formazione fornisce un supporto efficace, i nostri studenti possono esercitarsi attraverso la piattaforma web, esercitare le conoscenze acquisite o competere con altri studenti in tutto il mondo.<\/p>\n<\/div><\/div><\/li><li class=\"pb-layout-column-center pb-feature-element-even\"><div><div class=\"pb-feature-icon pb-feature-icon-8941FB76F48AD9A71F7AF07D4E130780\"><\/div><h5 class=\"pb-feature-header\">Scuola di campioni Europei<\/h5><div class=\"pb-feature-content\"><p style=\"text-align: justify;\">Genius Kid \u00e8 la Scuola di campioni Europei (European Championship in Mental Calculation, Basilea, 9-12 maggio 2018) e organizzatore e partecipante di importanti competizioni internazionali, che permette ai nostri studenti di partecipare a prestigiose competizioni mondiali e Olimpiadi di aritmetica mentale. In questo modo i bambini acquisiscono preziose esperienze e sviluppano un sano spirito competitivo.<\/p>\n<\/div><\/div><\/li><li class=\"pb-layout-column-right pb-feature-element-odd\"><div><div class=\"pb-feature-icon pb-feature-icon-384ED3E7828C1FFB0F178DB50B835631\"><\/div><h5 class=\"pb-feature-header\">Abilit\u00e0 e abilit\u00e0 permanenti<\/h5><div class=\"pb-feature-content\"><p style=\"text-align: justify;\">Gli effetti cognitivi raggiunti dall'apprendimento dell'aritmetica mentale non vengono persi dopo aver superato il programma, ma diventano abilit\u00e0 e competenze permanenti che i bambini hanno per tutta la vita.<\/p>\n<\/div><\/div><\/li><\/ul><div class=\"pb-slider-pagination\"><\/div><\/div><div class=\"pb-script-tag\"><script type=\"text\/javascript\">jQuery(document).ready(function($) {$(\"#pb_feature_8A11DCBC968290BB6AE515B912EA7F9C\").PBFeature({\"carousel\":{\"carousel_enable\":0,\"carousel_autoplay_enable\":0,\"carousel_circular_enable\":1,\"carousel_infinite_enable\":1,\"carousel_scroll_pause_hover\":1,\"carousel_scroll_fx\":\"scroll\",\"carousel_scroll_easing\":\"easeInQuad\",\"carousel_scroll_duration\":\"500\"},\"waypoint\":{\"waypoint_type\":\"none\",\"waypoint_easing\":\"swing\",\"waypoint_duration\":\"500\",\"waypoint_offset_trigger\":\"90%\",\"waypoint_opacity_initial\":\"10\"}});});<\/script><\/div><div class=\"pb-feature pb-clear-fix pb-feature-icon-size-medium pb-feature-icon-position-left pb-feature-icon-type-gr theme-section-white\" id=\"pb_feature_269428CB343401F13B0BE742B20C665B\"><ul class=\"pb-layout-33x33x33 pb-reset-list pb-clear-fix\"><li class=\"pb-layout-column-left pb-feature-element-even\"><div><div class=\"pb-feature-icon pb-feature-icon-B2B991187384F122FC1E2819686C8260\"><\/div><h5 class=\"pb-feature-header\">Il programma \u00e8 flessibile<\/h5><div class=\"pb-feature-content\"><p style=\"text-align: justify;\">Il programma \u00e8 flessibile e progettato con cura tenendo conto delle esigenze individuali di ogni bambino. L'apprendimento viene praticato in piccoli gruppi, attraverso attivit\u00e0 ludiche, vari giochi e sfide, e tutto ci\u00f2 avviene in un'atmosfera rilassante e creativa dove si creano relazioni emotive positive.<\/p>\n<\/div><\/div><\/li><li class=\"pb-layout-column-center pb-feature-element-odd\"><div><div class=\"pb-feature-icon pb-feature-icon-59F90EF942F1ADB057E23EBB7BBFEB3D\"><\/div><h5 class=\"pb-feature-header\">Insegnanti professionisti<\/h5><div class=\"pb-feature-content\"><p style=\"text-align: justify;\">Il nostro team \u00e8 composto da insegnanti professionisti che hanno superato con successo la formazione internazionale e sono certificati come insegnanti di aritmetica mentale del programma HIKARI \u5149.<\/p>\n<\/div><\/div><\/li><li class=\"pb-layout-column-right pb-feature-element-even\"><div><div class=\"pb-feature-icon pb-feature-icon-A845796A2435E9762EA76DD58E629FC9\"><\/div><h5 class=\"pb-feature-header\">Diploma Genius Kid<\/h5><div class=\"pb-feature-content\"><p style=\"text-align: justify;\">Al termine del programma i nostri bambini riceveranno un Diploma Genius Kid.<\/p>\n<\/div><\/div><\/li><\/ul><div class=\"pb-slider-pagination\"><\/div><\/div><div class=\"pb-script-tag\"><script type=\"text\/javascript\">jQuery(document).ready(function($) {$(\"#pb_feature_269428CB343401F13B0BE742B20C665B\").PBFeature({\"carousel\":{\"carousel_enable\":0,\"carousel_autoplay_enable\":0,\"carousel_circular_enable\":1,\"carousel_infinite_enable\":1,\"carousel_scroll_pause_hover\":1,\"carousel_scroll_fx\":\"scroll\",\"carousel_scroll_easing\":\"easeInQuad\",\"carousel_scroll_duration\":\"500\"},\"waypoint\":{\"waypoint_type\":\"none\",\"waypoint_easing\":\"swing\",\"waypoint_duration\":\"500\",\"waypoint_offset_trigger\":\"90%\",\"waypoint_opacity_initial\":\"10\"}});});<\/script><\/div><div class=\"pb-space-line\"><\/div><div class=\"pb-space pb-clear-fix\" style=\"height:45px;\"><\/div><\/div><\/li><\/ul><\/div><div class=\"pb-script-tag\"><script type=\"text\/javascript\">jQuery(document).ready(function($){$(\"#pb_line_51F85DB43750E10D75AB7A063AA3C317\").PBLayout({\"bg_parallax_speed\":\"100\",\"bg_parallax_enable\":\"0\",\"bg_parallax_mobile_enable\":\"0\"},0);});<\/script><\/div>","protected":false},"excerpt":{"rendered":"","protected":false},"author":1,"featured_media":0,"parent":0,"menu_order":0,"comment_status":"open","ping_status":"open","template":"main.php","meta":{"footnotes":""},"class_list":["post-350","page","type-page","status-publish","hentry"],"yoast_head":"<!-- This site is optimized with the Yoast SEO plugin v27.4 - https:\/\/yoast.com\/product\/yoast-seo-wordpress\/ -->\n<title>About Us - geniuskiditaly.com<\/title>\n<meta name=\"robots\" content=\"index, follow, max-snippet:-1, max-image-preview:large, max-video-preview:-1\" \/>\n<link rel=\"canonical\" href=\"https:\/\/geniuskiditaly.com\/it\/about-us-ii\/\" \/>\n<meta property=\"og:locale\" content=\"it_IT\" \/>\n<meta property=\"og:type\" content=\"article\" \/>\n<meta property=\"og:title\" content=\"About Us - geniuskiditaly.com\" \/>\n<meta property=\"og:url\" content=\"https:\/\/geniuskiditaly.com\/it\/about-us-ii\/\" \/>\n<meta property=\"og:site_name\" content=\"geniuskiditaly.com\" \/>\n<meta property=\"article:modified_time\" content=\"2024-11-29T19:49:19+00:00\" \/>\n<meta name=\"twitter:card\" content=\"summary_large_image\" \/>\n<script type=\"application\/ld+json\" class=\"yoast-schema-graph\">{\"@context\":\"https:\\\/\\\/schema.org\",\"@graph\":[{\"@type\":\"WebPage\",\"@id\":\"https:\\\/\\\/geniuskiditaly.com\\\/about-us-ii\\\/\",\"url\":\"https:\\\/\\\/geniuskiditaly.com\\\/about-us-ii\\\/\",\"name\":\"About Us - geniuskiditaly.com\",\"isPartOf\":{\"@id\":\"https:\\\/\\\/geniuskiditaly.com\\\/#website\"},\"datePublished\":\"2014-09-30T06:45:18+00:00\",\"dateModified\":\"2024-11-29T19:49:19+00:00\",\"breadcrumb\":{\"@id\":\"https:\\\/\\\/geniuskiditaly.com\\\/about-us-ii\\\/#breadcrumb\"},\"inLanguage\":\"it-IT\",\"potentialAction\":[{\"@type\":\"ReadAction\",\"target\":[\"https:\\\/\\\/geniuskiditaly.com\\\/about-us-ii\\\/\"]}]},{\"@type\":\"BreadcrumbList\",\"@id\":\"https:\\\/\\\/geniuskiditaly.com\\\/about-us-ii\\\/#breadcrumb\",\"itemListElement\":[{\"@type\":\"ListItem\",\"position\":1,\"name\":\"Home\",\"item\":\"https:\\\/\\\/geniuskiditaly.com\\\/\"},{\"@type\":\"ListItem\",\"position\":2,\"name\":\"About Us\"}]},{\"@type\":\"WebSite\",\"@id\":\"https:\\\/\\\/geniuskiditaly.com\\\/#website\",\"url\":\"https:\\\/\\\/geniuskiditaly.com\\\/\",\"name\":\"geniuskiditaly.com\",\"description\":\"Genius Kids Italy\",\"potentialAction\":[{\"@type\":\"SearchAction\",\"target\":{\"@type\":\"EntryPoint\",\"urlTemplate\":\"https:\\\/\\\/geniuskiditaly.com\\\/?s={search_term_string}\"},\"query-input\":{\"@type\":\"PropertyValueSpecification\",\"valueRequired\":true,\"valueName\":\"search_term_string\"}}],\"inLanguage\":\"it-IT\"}]}<\/script>\n<!-- \/ Yoast SEO plugin. -->","yoast_head_json":{"title":"About Us - geniuskiditaly.com","robots":{"index":"index","follow":"follow","max-snippet":"max-snippet:-1","max-image-preview":"max-image-preview:large","max-video-preview":"max-video-preview:-1"},"canonical":"https:\/\/geniuskiditaly.com\/it\/about-us-ii\/","og_locale":"it_IT","og_type":"article","og_title":"About Us - geniuskiditaly.com","og_url":"https:\/\/geniuskiditaly.com\/it\/about-us-ii\/","og_site_name":"geniuskiditaly.com","article_modified_time":"2024-11-29T19:49:19+00:00","twitter_card":"summary_large_image","schema":{"@context":"https:\/\/schema.org","@graph":[{"@type":"WebPage","@id":"https:\/\/geniuskiditaly.com\/about-us-ii\/","url":"https:\/\/geniuskiditaly.com\/about-us-ii\/","name":"About Us - geniuskiditaly.com","isPartOf":{"@id":"https:\/\/geniuskiditaly.com\/#website"},"datePublished":"2014-09-30T06:45:18+00:00","dateModified":"2024-11-29T19:49:19+00:00","breadcrumb":{"@id":"https:\/\/geniuskiditaly.com\/about-us-ii\/#breadcrumb"},"inLanguage":"it-IT","potentialAction":[{"@type":"ReadAction","target":["https:\/\/geniuskiditaly.com\/about-us-ii\/"]}]},{"@type":"BreadcrumbList","@id":"https:\/\/geniuskiditaly.com\/about-us-ii\/#breadcrumb","itemListElement":[{"@type":"ListItem","position":1,"name":"Home","item":"https:\/\/geniuskiditaly.com\/"},{"@type":"ListItem","position":2,"name":"About Us"}]},{"@type":"WebSite","@id":"https:\/\/geniuskiditaly.com\/#website","url":"https:\/\/geniuskiditaly.com\/","name":"geniuskiditaly.com","description":"Genius Kids Italy","potentialAction":[{"@type":"SearchAction","target":{"@type":"EntryPoint","urlTemplate":"https:\/\/geniuskiditaly.com\/?s={search_term_string}"},"query-input":{"@type":"PropertyValueSpecification","valueRequired":true,"valueName":"search_term_string"}}],"inLanguage":"it-IT"}]}},"_links":{"self":[{"href":"https:\/\/geniuskiditaly.com\/it\/wp-json\/wp\/v2\/pages\/350","targetHints":{"allow":["GET"]}}],"collection":[{"href":"https:\/\/geniuskiditaly.com\/it\/wp-json\/wp\/v2\/pages"}],"about":[{"href":"https:\/\/geniuskiditaly.com\/it\/wp-json\/wp\/v2\/types\/page"}],"author":[{"embeddable":true,"href":"https:\/\/geniuskiditaly.com\/it\/wp-json\/wp\/v2\/users\/1"}],"replies":[{"embeddable":true,"href":"https:\/\/geniuskiditaly.com\/it\/wp-json\/wp\/v2\/comments?post=350"}],"version-history":[{"count":4,"href":"https:\/\/geniuskiditaly.com\/it\/wp-json\/wp\/v2\/pages\/350\/revisions"}],"predecessor-version":[{"id":1651,"href":"https:\/\/geniuskiditaly.com\/it\/wp-json\/wp\/v2\/pages\/350\/revisions\/1651"}],"wp:attachment":[{"href":"https:\/\/geniuskiditaly.com\/it\/wp-json\/wp\/v2\/media?parent=350"}],"curies":[{"name":"wp","href":"https:\/\/api.w.org\/{rel}","templated":true}]}}