{"id":347,"date":"2014-09-30T06:44:02","date_gmt":"2014-09-30T06:44:02","guid":{"rendered":"http:\/\/quanticalabs.com\/wp_themes3\/fable\/?page_id=347"},"modified":"2022-06-29T09:52:08","modified_gmt":"2022-06-29T09:52:08","slug":"abakus","status":"publish","type":"page","link":"https:\/\/geniuskiditaly.com\/it\/abakus\/","title":{"rendered":"Abaco"},"content":{"rendered":"<div id=\"pb_line_BEFDC233DE6E8798632DDF804B24C8D6\"  class=\"pb-line pb-clear-fix\" style=\"background-repeat:no-repeat;\"><ul class=\"pb-layout pb-layout-100 pb-reset-list pb-clear-fix pb-main\"><li class=\"pb-layout-column-left\"> <div class=\"pb-space-line\"><\/div><div><div class=\"pb-space-line\"><\/div><div class=\"pb-space pb-clear-fix\" style=\"margin-top:-80px;\"><\/div><\/div><\/li><\/ul><\/div><div class=\"pb-script-tag\"><script type=\"text\/javascript\">jQuery(document).ready(function($){$(\"#pb_line_BEFDC233DE6E8798632DDF804B24C8D6\").PBLayout({\"bg_parallax_speed\":\"30\",\"bg_parallax_enable\":\"0\",\"bg_parallax_mobile_enable\":\"0\"},0);});<\/script><\/div><div id=\"pb_line_8C09A2D8A1CCC9860956CC92D9512FB0\"  class=\"pb-line pb-clear-fix theme-section-padding-top theme-section-padding-bottom aligncenter\" style=\"background-repeat:no-repeat;\"><ul class=\"pb-layout pb-layout-50x50 pb-reset-list pb-clear-fix pb-main\"><li class=\"pb-layout-column-left\"> <div class=\"pb-space-line\"><\/div><div><h3 class=\"pb-header pb-top-0\"><span class=\"pb-header-content\">Welcoming place that <b>coinvolge ogni bambino.<\/b><\/span><\/h3><div class=\"pb-divider pb-clear-fix aligncenter\" style=\"width:50px;border-bottom-width:2px;border-style:solid;border-color:#FE6500;margin-top:40px;margin-bottom:40px;\"><\/div><h6 class=\"pb-header\" style=\"font-size:20px;font-style:italic;\"><span class=\"pb-header-content\">Nulla adiscipling elite forte, nodis est advance pulvinar maecenas est dolor, novum elite lacina.<\/span><\/h6><div class=\"pb-text\"><div>Praesent arcu gravida a vehicula est node maecenas loareet maecenas morbi dosis luctus mode. Urna eget lacinia eleifend molibden dosis et gravida dosis sit amet terminal.<\/div>\n<\/div><div class=\"pb-space-line\"><\/div><div class=\"pb-space pb-clear-fix\" style=\"height:30px;\"><\/div><\/div><\/li><li class=\"pb-layout-column-right\"> <div class=\"pb-space-line\"><\/div><div><div class=\"pb-gallery pb-clear-fix\" id=\"pb_gallery_D9B166D4D1F72132CE324EDEE99C9E32\"><ul class=\"pb-layout-100 pb-reset-list pb-clear-fix\"><li class=\"pb-layout-column-left\"><div class=\"pb-image-box pb-image-preloader pb-image-preloader-animation-enable pb-image-hover pb-image-hover-type-fade pb-image-type-image\"><a href=\"https:\/\/geniuskiditaly.com\/wp-content\/uploads\/2014\/09\/gallery_07.jpg\" class=\"pb-image\" data-fancybox-group=\"pb_gallery_D9B166D4D1F72132CE324EDEE99C9E32\"><img decoding=\"async\" src=\"https:\/\/geniuskiditaly.com\/wp-content\/uploads\/2014\/09\/gallery_07-690x506.jpg\" alt=\"\"\/><span><span><span><\/span><\/span><\/span><\/a><\/div><\/li><\/ul><\/div><div class=\"pb-script-tag\"><script type=\"text\/javascript\">jQuery(document).ready(function($){$('#pb_gallery_D9B166D4D1F72132CE324EDEE99C9E32').PBGallery({\"hover_type\":\"fade\",\"hover_enable\":\"1\",\"preloader_enable\":\"1\",\"layout_full_width_enable\":\"0\"});});<\/script><\/div><div class=\"pb-space-line\"><\/div><div class=\"pb-space pb-clear-fix\" style=\"margin-top:-30px;\"><\/div><\/div><\/li><\/ul><\/div><div class=\"pb-script-tag\"><script type=\"text\/javascript\">jQuery(document).ready(function($){$(\"#pb_line_8C09A2D8A1CCC9860956CC92D9512FB0\").PBLayout({\"bg_parallax_speed\":\"30\",\"bg_parallax_enable\":\"0\",\"bg_parallax_mobile_enable\":\"0\"},0);});<\/script><\/div><div id=\"pb_line_8BE9BD0AE4E2CF40E62DC179A849A75C\"  class=\"pb-line pb-clear-fix theme-section-padding-top theme-section-padding-bottom aligncenter\" style=\"background-color:#F5F5F5;background-repeat:no-repeat;\"><ul class=\"pb-layout pb-layout-50x50 pb-reset-list pb-clear-fix pb-main\"><li class=\"pb-layout-column-left\"> <div class=\"pb-space-line\"><\/div><div><div class=\"pb-gallery pb-clear-fix\" id=\"pb_gallery_6063D0E6AA27B2976B1FCE90F5C0519B\"><ul class=\"pb-layout-100 pb-reset-list pb-clear-fix\"><li class=\"pb-layout-column-left\"><div class=\"pb-image-box pb-image-preloader pb-image-preloader-animation-enable pb-image-hover pb-image-hover-type-fade pb-image-type-image\"><a href=\"https:\/\/geniuskiditaly.com\/wp-content\/uploads\/2014\/09\/gallery_03.jpg\" class=\"pb-image\" data-fancybox-group=\"pb_gallery_6063D0E6AA27B2976B1FCE90F5C0519B\"><img decoding=\"async\" src=\"https:\/\/geniuskiditaly.com\/wp-content\/uploads\/2014\/09\/gallery_03-690x506.jpg\" alt=\"\"\/><span><span><span><\/span><\/span><\/span><\/a><\/div><\/li><\/ul><\/div><div class=\"pb-script-tag\"><script type=\"text\/javascript\">jQuery(document).ready(function($){$('#pb_gallery_6063D0E6AA27B2976B1FCE90F5C0519B').PBGallery({\"hover_type\":\"fade\",\"hover_enable\":\"1\",\"preloader_enable\":\"1\",\"layout_full_width_enable\":\"0\"});});<\/script><\/div><div class=\"pb-space-line\"><\/div><div class=\"pb-space pb-clear-fix\" style=\"margin-top:-30px;\"><\/div><\/div><\/li><li class=\"pb-layout-column-right\"> <div class=\"pb-space-line\"><\/div><div><h3 class=\"pb-header pb-top-0\" style=\"line-height:1.2em;\"><span class=\"pb-header-content\">Friendly atmosphere plus <b>quality children care.<\/b><\/span><\/h3><div class=\"pb-divider pb-clear-fix aligncenter\" style=\"width:50px;border-bottom-width:2px;border-style:solid;border-color:#FE6500;margin-top:40px;margin-bottom:40px;\"><\/div><h6 class=\"pb-header\" style=\"font-size:20px;font-style:italic;\"><span class=\"pb-header-content\">Nulla adiscipling elite forte, nodis est advance pulvinar maecenas est dolor, novum elite lacina.<\/span><\/h6><div class=\"pb-text\"><\/div><div class=\"pb-space-line\"><\/div><div class=\"pb-space pb-clear-fix\" style=\"height:30px;\"><\/div><\/div><\/li><\/ul><\/div><div class=\"pb-script-tag\"><script type=\"text\/javascript\">jQuery(document).ready(function($){$(\"#pb_line_8BE9BD0AE4E2CF40E62DC179A849A75C\").PBLayout({\"bg_parallax_speed\":\"30\",\"bg_parallax_enable\":\"0\",\"bg_parallax_mobile_enable\":\"0\"},0);});<\/script><\/div><div id=\"pb_line_78D885262D290A6555158069E1322FAA\"  class=\"pb-line pb-clear-fix\" style=\"background-color:#F5F5F5;background-repeat:no-repeat;\"><ul class=\"pb-layout pb-layout-100 pb-reset-list pb-clear-fix pb-main\"><li class=\"pb-layout-column-left\"> <div class=\"pb-space-line\"><\/div><div><div class=\"pb-text\"><p><span style=\"font-weight: 400;\">Genius Kid \u00e8 un'attivit\u00e0 extracurriculare educativa internazionale destinata al sano sviluppo del cervello dei bambini. Gli obiettivi di Genius Kid sono incoraggiare e sviluppare le capacit\u00e0 intellettuali dei bambini sin dalla tenera et\u00e0.\u00a0<\/span><\/p>\n<p><span style=\"font-weight: 400;\">La metodologia di Genius kid \u00e8 il risultato di molti anni di lavoro di psicologi, pedagoghi e altri esperti nel campo dell'educazione; implica consentire ai bambini di affrontare i problemi da una prospettiva sia creativa che analitica, attraverso un allenamento cerebrale completamente stimolato che sviluppa la connessione tra l'emisfero sinistro del cervello con il suo pensiero logico e le sue capacit\u00e0 matematiche, e l'emisfero destro, responsabile dell'immaginazione, della creativit\u00e0 e della fantasia.<\/span><\/p>\n<p><span style=\"font-weight: 400;\">Questo approccio contribuisce ad acquisire migliori abilit\u00e0 matematiche, concentrazione e attenzione eccezionali, eccellente memoria fotografica e capacit\u00e0 di visualizzazione. \u00c8 anche dimostrato dagli scienziati dell'Universit\u00e0 di Manchester che il programma aumenta il QI dei bambini.<\/span><\/p>\n<\/div><\/div><\/li><\/ul><\/div><div class=\"pb-script-tag\"><script type=\"text\/javascript\">jQuery(document).ready(function($){$(\"#pb_line_78D885262D290A6555158069E1322FAA\").PBLayout({\"bg_parallax_speed\":\"30\",\"bg_parallax_enable\":\"0\",\"bg_parallax_mobile_enable\":\"0\"},0);});<\/script><\/div><div id=\"pb_line_48D26672DE798B4778D1D49718438F87\"  class=\"pb-line pb-clear-fix theme-section-padding-top theme-section-padding-bottom aligncenter\" style=\"background-repeat:no-repeat;\"><ul class=\"pb-layout pb-layout-50x50 pb-reset-list pb-clear-fix pb-main\"><li class=\"pb-layout-column-left\"> <div class=\"pb-space-line\"><\/div><div><h3 class=\"pb-header pb-top-0\" style=\"line-height:1.2em;\"><span class=\"pb-header-content\">L'esperienza mostra che i bambini nei paesi in cui esiste una tradizione di calcolo sull'abaco comprendono pi\u00f9 facilmente la nozione di numero e accettano meglio la matematica.<\/b><\/span><\/h3><div class=\"pb-divider pb-clear-fix aligncenter\" style=\"width:50px;border-bottom-width:2px;border-style:solid;border-color:#FE6500;margin-top:40px;margin-bottom:40px;\"><\/div><h6 class=\"pb-header\" style=\"font-size:20px;font-style:italic;\"><span class=\"pb-header-content\">Nulla adiscipling elite forte, nodis est advance pulvinar maecenas est dolor, novum elite lacina.<\/span><\/h6><div class=\"pb-text\"><div>Praesent arcu gravida a vehicula est node maecenas loareet maecenas morbi dosis luctus mode. Urna eget lacinia eleifend molibden dosis et gravida dosis sit amet terminal.<\/div>\n<\/div><div class=\"pb-space-line\"><\/div><div class=\"pb-space pb-clear-fix\" style=\"height:30px;\"><\/div><div class=\"pb-button pb-button-size-small\" id=\"pb_button_8B100BB18755BD8DA981CBB7D8825C90\"><a href=\"#\" class=\"pb-window-target-self\" style=\"border-width:0px;border-radius:0px;\"><span class=\"pb-button-box\"><span class=\"pb-button-icon\"><\/span><span class=\"pb-button-content\">Learn more<i class=\"pb-button-arrow pb-button-arrow-right\"><\/i><\/span><\/span><\/a><\/div><div class=\"pb-script-tag\"><script type=\"text\/javascript\">jQuery(document).ready(function($) {$('#pb_button_8B100BB18755BD8DA981CBB7D8825C90').PBButton({\"out\":{\"border-width\":\"0px\",\"border-radius\":\"0px\"},\"in\":{\"border-width\":\"0px\",\"border-radius\":\"0px\"}});});<\/script><\/div><\/div><\/li><li class=\"pb-layout-column-right\"> <div class=\"pb-space-line\"><\/div><div><div class=\"pb-gallery pb-clear-fix\" id=\"pb_gallery_3F54FB447A185237EE80C5AA853B120E\"><ul class=\"pb-layout-100 pb-reset-list pb-clear-fix\"><li class=\"pb-layout-column-left\"><div class=\"pb-image-box pb-image-preloader pb-image-preloader-animation-enable pb-image-hover pb-image-hover-type-fade pb-image-type-image pb-image-text-enable\"><a href=\"https:\/\/geniuskiditaly.com\/wp-content\/uploads\/2014\/09\/gallery_04.jpg\" class=\"pb-image\" data-fancybox-group=\"pb_gallery_3F54FB447A185237EE80C5AA853B120E\"><img decoding=\"async\" src=\"https:\/\/geniuskiditaly.com\/wp-content\/uploads\/2014\/09\/gallery_04-690x506.jpg\" alt=\"\"\/><span><span><span><\/span><\/span><\/span><\/a><div class=\"pb-image-text\"><h6 class=\"pb-image-text-caption\">Outdoor Activity During Recess<\/h6><div class=\"pb-image-text-description\">Tenderhearts Class<\/div><\/div><div class=\"pb-image-text-fancybox\"><b>Outdoor Activity During Recess<\/b> Tenderhearts Class<\/div><\/div><\/li><\/ul><\/div><div class=\"pb-script-tag\"><script type=\"text\/javascript\">jQuery(document).ready(function($){$('#pb_gallery_3F54FB447A185237EE80C5AA853B120E').PBGallery({\"hover_type\":\"fade\",\"hover_enable\":\"1\",\"preloader_enable\":\"1\",\"layout_full_width_enable\":\"0\"});});<\/script><\/div><div class=\"pb-space-line\"><\/div><div class=\"pb-space pb-clear-fix\" style=\"margin-top:-30px;\"><\/div><\/div><\/li><\/ul><\/div><div class=\"pb-script-tag\"><script type=\"text\/javascript\">jQuery(document).ready(function($){$(\"#pb_line_48D26672DE798B4778D1D49718438F87\").PBLayout({\"bg_parallax_speed\":\"30\",\"bg_parallax_enable\":\"0\",\"bg_parallax_mobile_enable\":\"0\"},0);});<\/script><\/div><div id=\"pb_line_448C53BF96A933FF6AB8359F2008C53F\"  class=\"pb-line pb-clear-fix theme-section-padding-top theme-section-padding-bottom\" style=\"background-position:center center;background-repeat:no-repeat;background-image:url('http:\/\/quanticalabs.com\/wp_themes3\/fable\/wp-content\/uploads\/sites\/8\/2014\/10\/parallax_06.jpg');\"><ul class=\"pb-layout pb-layout-100 pb-reset-list pb-clear-fix pb-main\"><li class=\"pb-layout-column-left\"> <div class=\"pb-space-line\"><\/div><div><div class=\"pb-feature pb-clear-fix pb-feature-icon-size-large pb-feature-icon-position-top pb-feature-icon-type-gr theme-section-white\" id=\"pb_feature_D7762D72EFB2F5F686D0C10CDE30A2D3\"><ul class=\"pb-layout-25x25x25x25 pb-reset-list pb-clear-fix\"><li class=\"pb-layout-column-left pb-feature-element-even\"><div><div class=\"pb-feature-icon pb-feature-icon-37EE224467EAE35E93DA70275534600A\"><\/div><h5 class=\"pb-feature-header\">Morbi Etos<\/h5><div class=\"pb-feature-content\"><p>Praesent interdum est gravida vehicula est node maecenas loareet morbi a dosis luctus novum est praesent.<\/p>\n<\/div><\/div><\/li><li class=\"pb-layout-column-center-left pb-feature-element-odd\"><div><div class=\"pb-feature-icon pb-feature-icon-384ED3E7828C1FFB0F178DB50B835631\"><\/div><h5 class=\"pb-feature-header\">Congue Gravida<\/h5><div class=\"pb-feature-content\"><p>Elipsis magna a terminal nulla elementum morbi elite forte maecenas est magna etos interdum vitae est.<\/p>\n<\/div><\/div><\/li><li class=\"pb-layout-column-center-right pb-feature-element-even\"><div><div class=\"pb-feature-icon pb-feature-icon-5A23F6EA1BDBB4723D0EDF91EA096DFE\"><\/div><h5 class=\"pb-feature-header\">Maecenas Node<\/h5><div class=\"pb-feature-content\"><p>Praesent interdum est gravida vehicula est node maecenas loareet morbi a dosis luctus novum est praesent.<\/p>\n<\/div><\/div><\/li><li class=\"pb-layout-column-right pb-feature-element-odd\"><div><div class=\"pb-feature-icon pb-feature-icon-8941FB76F48AD9A71F7AF07D4E130780\"><\/div><h5 class=\"pb-feature-header\">Praesent Morbi<\/h5><div class=\"pb-feature-content\"><p>Elipsis magna a terminal nulla elementum morbi elite forte maecenas est magna etos interdum vitae est.<\/p>\n<\/div><\/div><\/li><li class=\"pb-layout-column-left pb-feature-element-even\"><div><div class=\"pb-feature-icon pb-feature-icon-611805678A84617D7ADE6AB127D38032\"><\/div><h5 class=\"pb-feature-header\">Placerat Etos<\/h5><div class=\"pb-feature-content\"><p>Praesent interdum est gravida vehicula est node maecenas loareet morbi a dosis luctus novum est praesent.<\/p>\n<\/div><\/div><\/li><li class=\"pb-layout-column-center-left pb-feature-element-odd\"><div><div class=\"pb-feature-icon pb-feature-icon-7BA97D81DB7612FA5167C84901A2F443\"><\/div><h5 class=\"pb-feature-header\">Etiam Interdum<\/h5><div class=\"pb-feature-content\"><p>Elipsis magna a terminal nulla elementum morbi elite forte maecenas est magna etos interdum vitae est.<\/p>\n<\/div><\/div><\/li><\/ul><div class=\"pb-slider-pagination\"><\/div><\/div><div class=\"pb-script-tag\"><script type=\"text\/javascript\">jQuery(document).ready(function($) {$(\"#pb_feature_D7762D72EFB2F5F686D0C10CDE30A2D3\").PBFeature({\"carousel\":{\"carousel_enable\":\"1\",\"carousel_autoplay_enable\":\"1\",\"carousel_circular_enable\":1,\"carousel_infinite_enable\":1,\"carousel_scroll_pause_hover\":\"1\",\"carousel_scroll_fx\":\"scroll\",\"carousel_scroll_easing\":\"easeInOutExpo\",\"carousel_scroll_duration\":\"800\"},\"waypoint\":{\"waypoint_type\":\"none\",\"waypoint_easing\":\"swing\",\"waypoint_duration\":\"500\",\"waypoint_offset_trigger\":\"90%\",\"waypoint_opacity_initial\":10}});});<\/script><\/div><\/div><\/li><\/ul><\/div><div class=\"pb-script-tag\"><script type=\"text\/javascript\">jQuery(document).ready(function($){$(\"#pb_line_448C53BF96A933FF6AB8359F2008C53F\").PBLayout({\"bg_parallax_speed\":\"100\",\"bg_parallax_enable\":\"1\",\"bg_parallax_mobile_enable\":\"0\"},0);});<\/script><\/div><div id=\"pb_line_3F8CB01F68CCBE212D93487893026ECD\"  class=\"pb-line pb-clear-fix\" style=\"background-repeat:no-repeat;\"><ul class=\"pb-layout pb-layout-100 pb-reset-list pb-clear-fix pb-main\"><li class=\"pb-layout-column-left\"> <div class=\"pb-space-line\"><\/div><div><div class=\"pb-header-subheader\"><h2 class=\"pb-header\"><span class=\"pb-header-content\">What's New<\/span><\/h2><h6 class=\"pb-subheader\"><span class=\"pb-subheader-content\">Keep up to date with the latest news<\/span><\/h6><div class=\"pb-header-underline\"><\/div><\/div><\/div><\/li><\/ul><\/div><div class=\"pb-script-tag\"><script type=\"text\/javascript\">jQuery(document).ready(function($){$(\"#pb_line_3F8CB01F68CCBE212D93487893026ECD\").PBLayout({\"bg_parallax_speed\":\"30\",\"bg_parallax_enable\":\"0\",\"bg_parallax_mobile_enable\":\"0\"},0);});<\/script><\/div><div id=\"pb_line_EA1BCEE8404F8EC66B31A0BC0A1A9BAD\"  class=\"pb-line pb-clear-fix aligncenter\" style=\"background-repeat:no-repeat;\"><ul class=\"pb-layout pb-layout-100 pb-reset-list pb-clear-fix pb-main\"><li class=\"pb-layout-column-left\"> <div class=\"pb-space-line\"><\/div><div><div class=\"pb-button pb-button-size-small\" id=\"pb_button_621366D647AF40C192403CD8C666549D\"><a href=\"http:\/\/quanticalabs.com\/wp_themes3\/fable\/blog\" class=\"pb-window-target-self\" style=\"border-width:0px;border-radius:0px;\"><span class=\"pb-button-box\"><span class=\"pb-button-icon\"><\/span><span class=\"pb-button-content\">Go To Blog<i class=\"pb-button-arrow pb-button-arrow-right\"><\/i><\/span><\/span><\/a><\/div><div class=\"pb-script-tag\"><script type=\"text\/javascript\">jQuery(document).ready(function($) {$('#pb_button_621366D647AF40C192403CD8C666549D').PBButton({\"out\":{\"border-width\":\"0px\",\"border-radius\":\"0px\"},\"in\":{\"border-width\":\"0px\",\"border-radius\":\"0px\"}});});<\/script><\/div><div class=\"pb-space-line\"><\/div><div class=\"pb-space pb-clear-fix\" style=\"margin-top:-5px;\"><\/div><\/div><\/li><\/ul><\/div><div class=\"pb-script-tag\"><script type=\"text\/javascript\">jQuery(document).ready(function($){$(\"#pb_line_EA1BCEE8404F8EC66B31A0BC0A1A9BAD\").PBLayout({\"bg_parallax_speed\":\"30\",\"bg_parallax_enable\":\"0\",\"bg_parallax_mobile_enable\":\"0\"},0);});<\/script><\/div>","protected":false},"excerpt":{"rendered":"","protected":false},"author":1,"featured_media":0,"parent":0,"menu_order":0,"comment_status":"open","ping_status":"open","template":"main.php","meta":{"footnotes":""},"class_list":["post-347","page","type-page","status-publish","hentry"],"yoast_head":"<!-- This site is optimized with the Yoast SEO plugin v27.4 - https:\/\/yoast.com\/product\/yoast-seo-wordpress\/ -->\n<title>Abacus - geniuskiditaly.com<\/title>\n<meta name=\"robots\" content=\"index, follow, max-snippet:-1, max-image-preview:large, max-video-preview:-1\" \/>\n<link rel=\"canonical\" href=\"https:\/\/geniuskiditaly.com\/it\/abakus\/\" \/>\n<meta property=\"og:locale\" content=\"it_IT\" \/>\n<meta property=\"og:type\" content=\"article\" \/>\n<meta property=\"og:title\" content=\"Abacus - geniuskiditaly.com\" \/>\n<meta property=\"og:url\" content=\"https:\/\/geniuskiditaly.com\/it\/abakus\/\" \/>\n<meta property=\"og:site_name\" content=\"geniuskiditaly.com\" \/>\n<meta property=\"article:modified_time\" content=\"2022-06-29T09:52:08+00:00\" \/>\n<meta name=\"twitter:card\" content=\"summary_large_image\" \/>\n<script type=\"application\/ld+json\" class=\"yoast-schema-graph\">{\"@context\":\"https:\\\/\\\/schema.org\",\"@graph\":[{\"@type\":\"WebPage\",\"@id\":\"https:\\\/\\\/geniuskiditaly.com\\\/abakus\\\/\",\"url\":\"https:\\\/\\\/geniuskiditaly.com\\\/abakus\\\/\",\"name\":\"Abacus - geniuskiditaly.com\",\"isPartOf\":{\"@id\":\"https:\\\/\\\/geniuskiditaly.com\\\/#website\"},\"datePublished\":\"2014-09-30T06:44:02+00:00\",\"dateModified\":\"2022-06-29T09:52:08+00:00\",\"breadcrumb\":{\"@id\":\"https:\\\/\\\/geniuskiditaly.com\\\/abakus\\\/#breadcrumb\"},\"inLanguage\":\"it-IT\",\"potentialAction\":[{\"@type\":\"ReadAction\",\"target\":[\"https:\\\/\\\/geniuskiditaly.com\\\/abakus\\\/\"]}]},{\"@type\":\"BreadcrumbList\",\"@id\":\"https:\\\/\\\/geniuskiditaly.com\\\/abakus\\\/#breadcrumb\",\"itemListElement\":[{\"@type\":\"ListItem\",\"position\":1,\"name\":\"Home\",\"item\":\"https:\\\/\\\/geniuskiditaly.com\\\/\"},{\"@type\":\"ListItem\",\"position\":2,\"name\":\"Abacus\"}]},{\"@type\":\"WebSite\",\"@id\":\"https:\\\/\\\/geniuskiditaly.com\\\/#website\",\"url\":\"https:\\\/\\\/geniuskiditaly.com\\\/\",\"name\":\"geniuskiditaly.com\",\"description\":\"Genius Kids Italy\",\"potentialAction\":[{\"@type\":\"SearchAction\",\"target\":{\"@type\":\"EntryPoint\",\"urlTemplate\":\"https:\\\/\\\/geniuskiditaly.com\\\/?s={search_term_string}\"},\"query-input\":{\"@type\":\"PropertyValueSpecification\",\"valueRequired\":true,\"valueName\":\"search_term_string\"}}],\"inLanguage\":\"it-IT\"}]}<\/script>\n<!-- \/ Yoast SEO plugin. -->","yoast_head_json":{"title":"Abacus - geniuskiditaly.com","robots":{"index":"index","follow":"follow","max-snippet":"max-snippet:-1","max-image-preview":"max-image-preview:large","max-video-preview":"max-video-preview:-1"},"canonical":"https:\/\/geniuskiditaly.com\/it\/abakus\/","og_locale":"it_IT","og_type":"article","og_title":"Abacus - geniuskiditaly.com","og_url":"https:\/\/geniuskiditaly.com\/it\/abakus\/","og_site_name":"geniuskiditaly.com","article_modified_time":"2022-06-29T09:52:08+00:00","twitter_card":"summary_large_image","schema":{"@context":"https:\/\/schema.org","@graph":[{"@type":"WebPage","@id":"https:\/\/geniuskiditaly.com\/abakus\/","url":"https:\/\/geniuskiditaly.com\/abakus\/","name":"Abacus - geniuskiditaly.com","isPartOf":{"@id":"https:\/\/geniuskiditaly.com\/#website"},"datePublished":"2014-09-30T06:44:02+00:00","dateModified":"2022-06-29T09:52:08+00:00","breadcrumb":{"@id":"https:\/\/geniuskiditaly.com\/abakus\/#breadcrumb"},"inLanguage":"it-IT","potentialAction":[{"@type":"ReadAction","target":["https:\/\/geniuskiditaly.com\/abakus\/"]}]},{"@type":"BreadcrumbList","@id":"https:\/\/geniuskiditaly.com\/abakus\/#breadcrumb","itemListElement":[{"@type":"ListItem","position":1,"name":"Home","item":"https:\/\/geniuskiditaly.com\/"},{"@type":"ListItem","position":2,"name":"Abacus"}]},{"@type":"WebSite","@id":"https:\/\/geniuskiditaly.com\/#website","url":"https:\/\/geniuskiditaly.com\/","name":"geniuskiditaly.com","description":"Genius Kids Italy","potentialAction":[{"@type":"SearchAction","target":{"@type":"EntryPoint","urlTemplate":"https:\/\/geniuskiditaly.com\/?s={search_term_string}"},"query-input":{"@type":"PropertyValueSpecification","valueRequired":true,"valueName":"search_term_string"}}],"inLanguage":"it-IT"}]}},"_links":{"self":[{"href":"https:\/\/geniuskiditaly.com\/it\/wp-json\/wp\/v2\/pages\/347","targetHints":{"allow":["GET"]}}],"collection":[{"href":"https:\/\/geniuskiditaly.com\/it\/wp-json\/wp\/v2\/pages"}],"about":[{"href":"https:\/\/geniuskiditaly.com\/it\/wp-json\/wp\/v2\/types\/page"}],"author":[{"embeddable":true,"href":"https:\/\/geniuskiditaly.com\/it\/wp-json\/wp\/v2\/users\/1"}],"replies":[{"embeddable":true,"href":"https:\/\/geniuskiditaly.com\/it\/wp-json\/wp\/v2\/comments?post=347"}],"version-history":[{"count":3,"href":"https:\/\/geniuskiditaly.com\/it\/wp-json\/wp\/v2\/pages\/347\/revisions"}],"predecessor-version":[{"id":1679,"href":"https:\/\/geniuskiditaly.com\/it\/wp-json\/wp\/v2\/pages\/347\/revisions\/1679"}],"wp:attachment":[{"href":"https:\/\/geniuskiditaly.com\/it\/wp-json\/wp\/v2\/media?parent=347"}],"curies":[{"name":"wp","href":"https:\/\/api.w.org\/{rel}","templated":true}]}}