{"id":1665,"date":"2022-06-26T08:13:12","date_gmt":"2022-06-26T08:13:12","guid":{"rendered":"https:\/\/geniuskiditaly.com\/?page_id=1665"},"modified":"2022-07-08T07:44:24","modified_gmt":"2022-07-08T07:44:24","slug":"programs","status":"publish","type":"page","link":"https:\/\/geniuskiditaly.com\/it\/programs\/","title":{"rendered":"Programma"},"content":{"rendered":"<div id=\"pb_line_A58B66F674C7946934EDD6DE7B1F1232\"  class=\"pb-line pb-clear-fix\" style=\"background-repeat:no-repeat;\"><ul class=\"pb-layout pb-layout-100 pb-reset-list pb-clear-fix pb-main\"><li class=\"pb-layout-column-left\"> <div class=\"pb-space-line\"><\/div><div><div class=\"pb-space-line\"><\/div><div class=\"pb-space pb-clear-fix\" style=\"margin-top:-80px;\"><\/div><\/div><\/li><\/ul><\/div><div class=\"pb-script-tag\"><script type=\"text\/javascript\">jQuery(document).ready(function($){$(\"#pb_line_A58B66F674C7946934EDD6DE7B1F1232\").PBLayout({\"bg_parallax_speed\":\"30\",\"bg_parallax_enable\":\"0\",\"bg_parallax_mobile_enable\":\"0\"},0);});<\/script><\/div><div id=\"pb_line_C596E540D8CA14AC00B6EC25D3FD366D\"  class=\"pb-line pb-clear-fix\" style=\"background-repeat:no-repeat;\"><ul class=\"pb-layout pb-layout-100 pb-reset-list pb-clear-fix pb-main\"><li class=\"pb-layout-column-left\"> <div class=\"pb-space-line\"><\/div><div><div class=\"pb-space-line\"><\/div><div class=\"pb-space pb-clear-fix\" style=\"height:30px;\"><\/div><h3 class=\"pb-header\"><span class=\"pb-header-content\"><p style=\"text-align: center;\">Il Programma<\/span><\/h3><div class=\"pb-text\"><p style=\"text-align: justify;\"><span style=\"font-weight: 400;\">Genius Kid \u00e8 un programma pluriennale, in cui, durante il primo anno, gli studenti impareranno addizioni e sottrazioni con numeri a pi\u00f9 cifre per calcolare mentalmente e il secondo anno del programma \u00e8 dedicato ad acquisire il dominio su moltiplicazione e divisione operazioni. <\/span><span style=\"font-weight: 400;\"> Attivit\u00e0 extracurricolare<\/span><span style=\"font-weight: 400;\"> Il programma extracurriculare di aritmetica mentale ha un impatto positivo sullo sviluppo del pensiero e incoraggia una serie di abilit\u00e0 e competenze di cui un bambino ha bisogno nella vita. Migliora il modo in cui il bambino ascolta, elabora e comprende le informazioni, concepisce e crea determinate idee, riconosce i dettagli, esegue determinate azioni e risolve i problemi.<\/span><\/p>\n<\/div><div class=\"pb-space-line\"><\/div><div class=\"pb-space pb-clear-fix\" style=\"height:30px;\"><\/div><div class=\"pb-header-subheader\"><h3 class=\"pb-header\"><span class=\"pb-header-content\">Fase preparatoria<\/span><\/h3><h6 class=\"pb-subheader\"><span class=\"pb-subheader-content\"> IL CONCETTO DEI NUMERI DA 1 A 10<\/span><\/h6><\/div><div class=\"pb-text\"><p style=\"text-align: justify;\"><span style=\"font-weight: 400;\">La fase iniziale si applica ai partecipanti pi\u00f9 giovani. L'obiettivo \u00e8 familiarizzare con il concetto di numeri e apprendere le leggi che si applicano ai numeri da 1 a 10 (complementariet\u00e0 dei numeri). In questo periodo i bambini non usano ancora un abaco giapponese, ma un classico abaco (10 file con 10 palline). <b><\/b> <b><\/b><\/span><\/p>\n<p style=\"text-align: justify;\">\n<\/div><div class=\"pb-header-subheader\"><h3 class=\"pb-header\"><span class=\"pb-header-content\">Prima fase<\/span><\/h3><h6 class=\"pb-subheader\"><span class=\"pb-subheader-content\">USO DI SOROBAN (ABACO GIAPPONESE)<\/span><\/h6><\/div><div class=\"pb-text\"><p style=\"text-align: justify;\">La fase dell'abaco \u00e8 prevista per i livelli iniziali, dove si usa l'abaco giapponese. Il calcolo si effettua muovendo le palline, utilizzando le dita della mano sinistra e della mano destra. Il focus \u00e8 sulle capacit\u00e0 motorie fini e sugli stimoli sensoriali intensi (vista, udito, tatto). I bambini prima osservano ci\u00f2 che l'insegnante mostra loro e ascoltano le istruzioni, quindi intraprendono un'azione concreta da soli. Questo metodo avvia un intenso processo cerebrale, perch\u00e9 le dita sono costantemente in movimento toccando le palle. Questo attiva uno stimolo tattile che stimola ulteriormente i centri del cervello creando nuove connessioni neurali (sinapsi). L'uso delle dita di entrambe le mani attiva contemporaneamente entrambi gli emisferi cerebrali e aumenta la capacit\u00e0 cognitiva. Ecco perch\u00e9 si pu\u00f2 giustamente affermare che le operazioni logiche sull'abaco rappresentano il vero fitness del cervello, qualcosa come squat o flessioni per il cervello!<\/p>\n<\/div><div class=\"pb-header-subheader\"><h3 class=\"pb-header\"><span class=\"pb-header-content\">Seconda fase<\/span><\/h3><h6 class=\"pb-subheader\"><span class=\"pb-subheader-content\"> ARITMETICA MENTALE E VISUALIZZAZIONE<\/span><\/h6><\/div><div class=\"pb-text\"><p style=\"text-align: justify;\">La fase dell'aritmetica mentale (\u6697\u7b97, giapponese: Anzan) inizia durante i livelli pi\u00f9 alti in cui cessa l'uso fisico dell'abaco. Ora i bambini iniziano a contare immaginando un abaco nella loro  testa. Osservando, spesso possiamo vedere come continuano a muovere le dita come se usassero un vero abaco. I bambini hanno sviluppato la capacit\u00e0 di visualizzare l'abaco grazie all'attivazione dell'emisfero destro del cervello, responsabile dell'immaginazione, della memoria fotografica e della creativit\u00e0. Una volta sviluppata questa capacit\u00e0, \u00e8 possibile continuare a praticare operazioni computazionali pi\u00f9 veloci e complicate e il cervello dei bambini inizia a comportarsi come un vero supercomputer.<\/span><\/p>\n<\/div><div class=\"pb-space-line\"><\/div><div class=\"pb-space pb-clear-fix\" style=\"height:30px;\"><\/div><\/div><\/li><\/ul><\/div><div class=\"pb-script-tag\"><script type=\"text\/javascript\">jQuery(document).ready(function($){$(\"#pb_line_C596E540D8CA14AC00B6EC25D3FD366D\").PBLayout({\"bg_parallax_speed\":\"30\",\"bg_parallax_enable\":\"0\",\"bg_parallax_mobile_enable\":\"0\"},0);});<\/script><\/div><div id=\"pb_line_C84ABCD55377953DDCFCC8C2A8D31C61\"  class=\"pb-line pb-clear-fix theme-section-padding-top theme-section-padding-bottom\" style=\"background-color:#00416D;background-position:center center;background-repeat:no-repeat;\"><ul class=\"pb-layout pb-layout-50x50 pb-reset-list pb-clear-fix pb-main\"><li class=\"pb-layout-column-left\"> <div class=\"pb-space-line\"><\/div><div><h5 class=\"pb-header theme-section-white\"><span class=\"pb-header-content\">Domande e risposte<\/span><\/h5><div class=\"pb-accordion pb-clear-fix theme-section-white\" id=\"pb_accordion_5D193C2EAEC5F3B89CBE4333B5C040B8\"><h6><a href=\"#\">Gruppi Genius Kid<span><\/span><\/a><\/h6><div class=\"pb-clear-fix\"><p>Lezioni di gruppo, minimo 10, massimo 16 partecipanti<\/p>\n<\/div><h6><a href=\"#\">Report dei risultati individuali<span><\/span><\/a><\/h6><div class=\"pb-clear-fix\"><p>Un report trimestrale sui risultati individuali di ogni studente verr\u00e0 inviato ai genitori<\/p>\n<\/div><h6><a href=\"#\">Contenuto delle lezioni<span><\/span><\/a><\/h6><div class=\"pb-clear-fix\"><p>Il calcolo mediante l\u2019utilizzo dell\u2019abaco, l\u2019aritmetica mentale e i giochi di logica<\/p>\n<\/div><h6><a href=\"#\">Opportunit\u00e0 dopo le lezioni<span><\/span><\/a><\/h6><div class=\"pb-clear-fix\"><p>Piattaforma online per giochi e compiti<br \/>\nPreparazione per le Mental Arithmetic\u2019s Olympic Games<\/p>\n<\/div><\/div><div class=\"pb-script-tag\"><script type=\"text\/javascript\">jQuery(document).ready(function($){$(\"#pb_accordion_5D193C2EAEC5F3B89CBE4333B5C040B8\").PBAccordion({\"active\":0,\"disabled\":0,\"collapsible\":0,\"height_style\":\"content\",\"close_at_start\":0,\"animation_enable\":\"1\",\"animation_duration\":\"400\",\"animation_easing\":\"easeOutExpo\",\"header_important_default\":\"6\"});});<\/script><\/div><\/div><\/li><li class=\"pb-layout-column-right\"> <div class=\"pb-space-line\"><\/div><div><h5 class=\"pb-header theme-section-white\"><span class=\"pb-header-content\">Syllabus annuale<\/span><\/h5><div class=\"pb-clear-fix pb-counter-list theme-section-white\" id=\"pb_counter_list_3C2B6EE3E663C93C3D960C8C08576CC7\"><ul class=\"pb-reset-list\"><li class=\"pb-value-80\"><span class=\"pb-counter-list-label\">Programma intensivo<\/span><span class=\"pb-counter-list-value\"><span class=\"pb-counter-list-value-value\">80<\/span><span class=\"pb-counter-list-value-character-after\"> ore<\/span><\/span><span class=\"pb-counter-list-foreground\"><\/span><span class=\"pb-counter-list-background\"><\/span><\/li><li class=\"pb-value-35\"><span class=\"pb-counter-list-label\">Programma standard<\/span><span class=\"pb-counter-list-value\"><span class=\"pb-counter-list-value-value\">35<\/span><span class=\"pb-counter-list-value-character-after\"> ore<\/span><\/span><span class=\"pb-counter-list-foreground\"><\/span><span class=\"pb-counter-list-background\"><\/span><\/li><li class=\"pb-value-100\"><span class=\"pb-counter-list-label\">Programma individuale <\/span><span class=\"pb-counter-list-value\"><span class=\"pb-counter-list-value-value\">100<\/span><span class=\"pb-counter-list-value-character-after\"> ore<\/span><\/span><span class=\"pb-counter-list-foreground\"><\/span><span class=\"pb-counter-list-background\"><\/span><\/li><\/ul><\/div><div class=\"pb-script-tag\"><script type=\"text\/javascript\">jQuery(document).ready(function($) {$(\"#pb_counter_list_3C2B6EE3E663C93C3D960C8C08576CC7\").PBCounterList({\"waypoint_enable\":\"1\",\"waypoint_duration\":\"5000\",\"waypoint_easing\":\"easeInOutQuint\",\"waypoint_offset_trigger\":\"90%\",\"character_before\":null,\"character_after\":\" Hours\"});});<\/script><\/div><\/div><\/li><\/ul><\/div><div class=\"pb-script-tag\"><script type=\"text\/javascript\">jQuery(document).ready(function($){$(\"#pb_line_C84ABCD55377953DDCFCC8C2A8D31C61\").PBLayout({\"bg_parallax_speed\":\"100\",\"bg_parallax_enable\":\"0\",\"bg_parallax_mobile_enable\":\"0\"},0);});<\/script><\/div><div id=\"pb_line_5A43E5785678AF0585DE4A40D7C23E08\"  class=\"pb-line pb-clear-fix\" style=\"background-repeat:no-repeat;\"><ul class=\"pb-layout pb-layout-100 pb-reset-list pb-clear-fix pb-main\"><li class=\"pb-layout-column-left\"> <div class=\"pb-space-line\"><\/div><div><div class=\"pb-space-line\"><\/div><div class=\"pb-space pb-clear-fix\" style=\"margin-top:-80px;\"><\/div><\/div><\/li><\/ul><\/div><div class=\"pb-script-tag\"><script type=\"text\/javascript\">jQuery(document).ready(function($){$(\"#pb_line_5A43E5785678AF0585DE4A40D7C23E08\").PBLayout({\"bg_parallax_speed\":\"30\",\"bg_parallax_enable\":\"0\",\"bg_parallax_mobile_enable\":\"0\"},0);});<\/script><\/div>","protected":false},"excerpt":{"rendered":"","protected":false},"author":1,"featured_media":0,"parent":0,"menu_order":0,"comment_status":"open","ping_status":"open","template":"main.php","meta":{"footnotes":""},"class_list":["post-1665","page","type-page","status-publish","hentry"],"yoast_head":"<!-- This site is optimized with the Yoast SEO plugin v27.4 - https:\/\/yoast.com\/product\/yoast-seo-wordpress\/ -->\n<title>Program - geniuskiditaly.com<\/title>\n<meta name=\"robots\" content=\"index, follow, max-snippet:-1, max-image-preview:large, max-video-preview:-1\" \/>\n<link rel=\"canonical\" href=\"https:\/\/geniuskiditaly.com\/it\/programs\/\" \/>\n<meta property=\"og:locale\" content=\"it_IT\" \/>\n<meta property=\"og:type\" content=\"article\" \/>\n<meta property=\"og:title\" content=\"Program - geniuskiditaly.com\" \/>\n<meta property=\"og:url\" content=\"https:\/\/geniuskiditaly.com\/it\/programs\/\" \/>\n<meta property=\"og:site_name\" content=\"geniuskiditaly.com\" \/>\n<meta property=\"article:modified_time\" content=\"2022-07-08T07:44:24+00:00\" \/>\n<meta name=\"twitter:card\" content=\"summary_large_image\" \/>\n<script type=\"application\/ld+json\" class=\"yoast-schema-graph\">{\"@context\":\"https:\\\/\\\/schema.org\",\"@graph\":[{\"@type\":\"WebPage\",\"@id\":\"https:\\\/\\\/geniuskiditaly.com\\\/programs\\\/\",\"url\":\"https:\\\/\\\/geniuskiditaly.com\\\/programs\\\/\",\"name\":\"Program - geniuskiditaly.com\",\"isPartOf\":{\"@id\":\"https:\\\/\\\/geniuskiditaly.com\\\/#website\"},\"datePublished\":\"2022-06-26T08:13:12+00:00\",\"dateModified\":\"2022-07-08T07:44:24+00:00\",\"breadcrumb\":{\"@id\":\"https:\\\/\\\/geniuskiditaly.com\\\/programs\\\/#breadcrumb\"},\"inLanguage\":\"it-IT\",\"potentialAction\":[{\"@type\":\"ReadAction\",\"target\":[\"https:\\\/\\\/geniuskiditaly.com\\\/programs\\\/\"]}]},{\"@type\":\"BreadcrumbList\",\"@id\":\"https:\\\/\\\/geniuskiditaly.com\\\/programs\\\/#breadcrumb\",\"itemListElement\":[{\"@type\":\"ListItem\",\"position\":1,\"name\":\"Home\",\"item\":\"https:\\\/\\\/geniuskiditaly.com\\\/\"},{\"@type\":\"ListItem\",\"position\":2,\"name\":\"Program\"}]},{\"@type\":\"WebSite\",\"@id\":\"https:\\\/\\\/geniuskiditaly.com\\\/#website\",\"url\":\"https:\\\/\\\/geniuskiditaly.com\\\/\",\"name\":\"geniuskiditaly.com\",\"description\":\"Genius Kids Italy\",\"potentialAction\":[{\"@type\":\"SearchAction\",\"target\":{\"@type\":\"EntryPoint\",\"urlTemplate\":\"https:\\\/\\\/geniuskiditaly.com\\\/?s={search_term_string}\"},\"query-input\":{\"@type\":\"PropertyValueSpecification\",\"valueRequired\":true,\"valueName\":\"search_term_string\"}}],\"inLanguage\":\"it-IT\"}]}<\/script>\n<!-- \/ Yoast SEO plugin. -->","yoast_head_json":{"title":"Program - geniuskiditaly.com","robots":{"index":"index","follow":"follow","max-snippet":"max-snippet:-1","max-image-preview":"max-image-preview:large","max-video-preview":"max-video-preview:-1"},"canonical":"https:\/\/geniuskiditaly.com\/it\/programs\/","og_locale":"it_IT","og_type":"article","og_title":"Program - geniuskiditaly.com","og_url":"https:\/\/geniuskiditaly.com\/it\/programs\/","og_site_name":"geniuskiditaly.com","article_modified_time":"2022-07-08T07:44:24+00:00","twitter_card":"summary_large_image","schema":{"@context":"https:\/\/schema.org","@graph":[{"@type":"WebPage","@id":"https:\/\/geniuskiditaly.com\/programs\/","url":"https:\/\/geniuskiditaly.com\/programs\/","name":"Program - geniuskiditaly.com","isPartOf":{"@id":"https:\/\/geniuskiditaly.com\/#website"},"datePublished":"2022-06-26T08:13:12+00:00","dateModified":"2022-07-08T07:44:24+00:00","breadcrumb":{"@id":"https:\/\/geniuskiditaly.com\/programs\/#breadcrumb"},"inLanguage":"it-IT","potentialAction":[{"@type":"ReadAction","target":["https:\/\/geniuskiditaly.com\/programs\/"]}]},{"@type":"BreadcrumbList","@id":"https:\/\/geniuskiditaly.com\/programs\/#breadcrumb","itemListElement":[{"@type":"ListItem","position":1,"name":"Home","item":"https:\/\/geniuskiditaly.com\/"},{"@type":"ListItem","position":2,"name":"Program"}]},{"@type":"WebSite","@id":"https:\/\/geniuskiditaly.com\/#website","url":"https:\/\/geniuskiditaly.com\/","name":"geniuskiditaly.com","description":"Genius Kids Italy","potentialAction":[{"@type":"SearchAction","target":{"@type":"EntryPoint","urlTemplate":"https:\/\/geniuskiditaly.com\/?s={search_term_string}"},"query-input":{"@type":"PropertyValueSpecification","valueRequired":true,"valueName":"search_term_string"}}],"inLanguage":"it-IT"}]}},"_links":{"self":[{"href":"https:\/\/geniuskiditaly.com\/it\/wp-json\/wp\/v2\/pages\/1665","targetHints":{"allow":["GET"]}}],"collection":[{"href":"https:\/\/geniuskiditaly.com\/it\/wp-json\/wp\/v2\/pages"}],"about":[{"href":"https:\/\/geniuskiditaly.com\/it\/wp-json\/wp\/v2\/types\/page"}],"author":[{"embeddable":true,"href":"https:\/\/geniuskiditaly.com\/it\/wp-json\/wp\/v2\/users\/1"}],"replies":[{"embeddable":true,"href":"https:\/\/geniuskiditaly.com\/it\/wp-json\/wp\/v2\/comments?post=1665"}],"version-history":[{"count":5,"href":"https:\/\/geniuskiditaly.com\/it\/wp-json\/wp\/v2\/pages\/1665\/revisions"}],"predecessor-version":[{"id":1847,"href":"https:\/\/geniuskiditaly.com\/it\/wp-json\/wp\/v2\/pages\/1665\/revisions\/1847"}],"wp:attachment":[{"href":"https:\/\/geniuskiditaly.com\/it\/wp-json\/wp\/v2\/media?parent=1665"}],"curies":[{"name":"wp","href":"https:\/\/api.w.org\/{rel}","templated":true}]}}